{"id":1080,"date":"2020-06-24T13:38:42","date_gmt":"2020-06-24T13:38:42","guid":{"rendered":"http:\/\/werft.nauticalfiction.net\/de\/?page_id=1080"},"modified":"2025-08-11T13:33:05","modified_gmt":"2025-08-11T13:33:05","slug":"galerien","status":"publish","type":"page","link":"https:\/\/www.nauticalfiction.net\/de\/galerien\/","title":{"rendered":"Galerien"},"content":{"rendered":"<div id=\"pl-1080\"  class=\"panel-layout\" ><div id=\"pg-1080-0\"  class=\"panel-grid panel-no-style\" ><div id=\"pgc-1080-0-0\"  class=\"panel-grid-cell\" ><div id=\"panel-1080-0-0-0\" class=\"so-panel widget widget_sow-editor panel-first-child panel-last-child\" data-index=\"0\" ><div\n\t\t\t\n\t\t\tclass=\"so-widget-sow-editor so-widget-sow-editor-base\"\n\t\t\t\n\t\t>\n<div class=\"siteorigin-widget-tinymce textwidget\">\n\t<h3>Die NauticalFiction.net Galerien<\/h3>\n<p>Eine Comicserie existiert nicht im Luftleeren Raum. Durch die Arbeit daran entsteht, je nach Mentalit\u00e4t des Zeichners, mehr oder weniger viel Material drum herum. Sei es nun Skizzen zur \u00dcbung oder begleitende Illustrationen. Ich geh\u00f6re eher zu den Menschen, die am liebsten \"On the Job\" lernen. Trotzdem sind, seitdem ich mit NauticalFiction angefangen habe, auch bei mir einige begleitende Illustrationen entstanden. Diese habe ich hier in den Galerie und Skizzenb\u00fcchern f\u00fcr Euch zusammengesellt. Viel Spa\u00df damit:<\/p>\n<p>&nbsp;<\/p>\n<p>&nbsp;<\/p>\n<\/div>\n<\/div><\/div><\/div><\/div><\/div>","protected":false},"excerpt":{"rendered":"<p>Die NauticalFiction.net Galerien Eine Comicserie existiert nicht im Luftleeren Raum. Durch die Arbeit daran entsteht, je nach Mentalit\u00e4t des Zeichners, mehr oder weniger viel Material drum herum. Sei es nun Skizzen zur \u00dcbung oder begleitende Illustrationen. Ich geh\u00f6re eher zu &hellip; <a href=\"https:\/\/www.nauticalfiction.net\/de\/galerien\/\">Weiterlesen<\/a><\/p>\n","protected":false},"author":1,"featured_media":0,"parent":0,"menu_order":3,"comment_status":"closed","ping_status":"closed","template":"template-blog-grid.php","meta":{"kt_blocks_editor_width":"","_themeisle_gutenberg_block_has_review":false,"footnotes":""},"folder":[],"class_list":["post-1080","page","type-page","status-publish","hentry"],"yoast_head":"<!-- This site is optimized with the Yoast SEO plugin v27.4 - https:\/\/yoast.com\/product\/yoast-seo-wordpress\/ -->\n<title>Galerien<\/title>\n<meta name=\"robots\" content=\"index, follow, max-snippet:-1, max-image-preview:large, max-video-preview:-1\" \/>\n<link rel=\"canonical\" href=\"https:\/\/www.nauticalfiction.net\/de\/galerien\/\" \/>\n<meta property=\"og:locale\" content=\"de_DE\" \/>\n<meta property=\"og:locale:alternate\" content=\"en\" \/>\n<meta property=\"og:type\" content=\"article\" \/>\n<meta property=\"og:title\" content=\"Galerien\" \/>\n<meta property=\"og:description\" content=\"Die NauticalFiction.net Galerien Eine Comicserie existiert nicht im Luftleeren Raum. Durch die Arbeit daran entsteht, je nach Mentalit\u00e4t des Zeichners, mehr oder weniger viel Material drum herum. Sei es nun Skizzen zur \u00dcbung oder begleitende Illustrationen. Ich geh\u00f6re eher zu &hellip; Weiterlesen\" \/>\n<meta property=\"og:url\" content=\"https:\/\/www.nauticalfiction.net\/de\/galerien\/\" \/>\n<meta property=\"og:site_name\" content=\"NauticalFiction\" \/>\n<meta property=\"article:modified_time\" content=\"2025-08-11T13:33:05+00:00\" \/>\n<meta name=\"twitter:card\" content=\"summary_large_image\" \/>\n<meta name=\"twitter:label1\" content=\"Gesch\u00e4tzte Lesezeit\" \/>\n\t<meta name=\"twitter:data1\" content=\"1\u00a0Minute\" \/>\n<script type=\"application\/ld+json\" class=\"yoast-schema-graph\">{\"@context\":\"https:\\\/\\\/schema.org\",\"@graph\":[{\"@type\":\"WebPage\",\"@id\":\"https:\\\/\\\/www.nauticalfiction.net\\\/de\\\/galerien\\\/\",\"url\":\"https:\\\/\\\/www.nauticalfiction.net\\\/de\\\/galerien\\\/\",\"name\":\"Galerien\",\"isPartOf\":{\"@id\":\"https:\\\/\\\/www.nauticalfiction.net\\\/de\\\/#website\"},\"datePublished\":\"2020-06-24T13:38:42+00:00\",\"dateModified\":\"2025-08-11T13:33:05+00:00\",\"breadcrumb\":{\"@id\":\"https:\\\/\\\/www.nauticalfiction.net\\\/de\\\/galerien\\\/#breadcrumb\"},\"inLanguage\":\"de-DE\",\"potentialAction\":[{\"@type\":\"ReadAction\",\"target\":[\"https:\\\/\\\/www.nauticalfiction.net\\\/de\\\/galerien\\\/\"]}]},{\"@type\":\"BreadcrumbList\",\"@id\":\"https:\\\/\\\/www.nauticalfiction.net\\\/de\\\/galerien\\\/#breadcrumb\",\"itemListElement\":[{\"@type\":\"ListItem\",\"position\":1,\"name\":\"Start\",\"item\":\"https:\\\/\\\/www.nauticalfiction.net\\\/uk\\\/\"},{\"@type\":\"ListItem\",\"position\":2,\"name\":\"Galerien\"}]},{\"@type\":\"WebSite\",\"@id\":\"https:\\\/\\\/www.nauticalfiction.net\\\/de\\\/#website\",\"url\":\"https:\\\/\\\/www.nauticalfiction.net\\\/de\\\/\",\"name\":\"NauticalFiction\",\"description\":\"Seeabenteuer\",\"publisher\":{\"@id\":\"https:\\\/\\\/www.nauticalfiction.net\\\/de\\\/#\\\/schema\\\/person\\\/ad62004e980b10d8fb5b6aa740a913fb\"},\"potentialAction\":[{\"@type\":\"SearchAction\",\"target\":{\"@type\":\"EntryPoint\",\"urlTemplate\":\"https:\\\/\\\/www.nauticalfiction.net\\\/de\\\/?s={search_term_string}\"},\"query-input\":{\"@type\":\"PropertyValueSpecification\",\"valueRequired\":true,\"valueName\":\"search_term_string\"}}],\"inLanguage\":\"de-DE\"},{\"@type\":[\"Person\",\"Organization\"],\"@id\":\"https:\\\/\\\/www.nauticalfiction.net\\\/de\\\/#\\\/schema\\\/person\\\/ad62004e980b10d8fb5b6aa740a913fb\",\"name\":\"Kommodore\",\"image\":{\"@type\":\"ImageObject\",\"inLanguage\":\"de-DE\",\"@id\":\"https:\\\/\\\/secure.gravatar.com\\\/avatar\\\/c89d30193d5eb0a6776799f55b6fdb7cd81fdced34e2f8e7f64a45772cf8c77b?s=96&d=mm&r=g\",\"url\":\"https:\\\/\\\/secure.gravatar.com\\\/avatar\\\/c89d30193d5eb0a6776799f55b6fdb7cd81fdced34e2f8e7f64a45772cf8c77b?s=96&d=mm&r=g\",\"contentUrl\":\"https:\\\/\\\/secure.gravatar.com\\\/avatar\\\/c89d30193d5eb0a6776799f55b6fdb7cd81fdced34e2f8e7f64a45772cf8c77b?s=96&d=mm&r=g\",\"caption\":\"Kommodore\"},\"logo\":{\"@id\":\"https:\\\/\\\/secure.gravatar.com\\\/avatar\\\/c89d30193d5eb0a6776799f55b6fdb7cd81fdced34e2f8e7f64a45772cf8c77b?s=96&d=mm&r=g\"}}]}<\/script>\n<!-- \/ Yoast SEO plugin. -->","yoast_head_json":{"title":"Galerien","robots":{"index":"index","follow":"follow","max-snippet":"max-snippet:-1","max-image-preview":"max-image-preview:large","max-video-preview":"max-video-preview:-1"},"canonical":"https:\/\/www.nauticalfiction.net\/de\/galerien\/","og_locale":"de_DE","og_type":"article","og_title":"[:de]Galerien[:uk]Galleries[:] - NauticalFiction","og_description":"Die NauticalFiction.net Galerien Eine Comicserie existiert nicht im Luftleeren Raum. Durch die Arbeit daran entsteht, je nach Mentalit\u00e4t des Zeichners, mehr oder weniger viel Material drum herum. Sei es nun Skizzen zur \u00dcbung oder begleitende Illustrationen. Ich geh\u00f6re eher zu &hellip; Weiterlesen","og_url":"https:\/\/www.nauticalfiction.net\/de\/galerien\/","og_site_name":"NauticalFiction","article_modified_time":"2025-08-11T13:33:05+00:00","twitter_card":"summary_large_image","twitter_misc":{"Gesch\u00e4tzte Lesezeit":"1\u00a0Minute"},"schema":{"@context":"https:\/\/schema.org","@graph":[{"@type":"WebPage","@id":"https:\/\/www.nauticalfiction.net\/de\/galerien\/","url":"https:\/\/www.nauticalfiction.net\/de\/galerien\/","name":"Galerien","isPartOf":{"@id":"https:\/\/www.nauticalfiction.net\/de\/#website"},"datePublished":"2020-06-24T13:38:42+00:00","dateModified":"2025-08-11T13:33:05+00:00","breadcrumb":{"@id":"https:\/\/www.nauticalfiction.net\/de\/galerien\/#breadcrumb"},"inLanguage":"de-DE","potentialAction":[{"@type":"ReadAction","target":["https:\/\/www.nauticalfiction.net\/de\/galerien\/"]}]},{"@type":"BreadcrumbList","@id":"https:\/\/www.nauticalfiction.net\/de\/galerien\/#breadcrumb","itemListElement":[{"@type":"ListItem","position":1,"name":"Start","item":"https:\/\/www.nauticalfiction.net\/uk\/"},{"@type":"ListItem","position":2,"name":"Galerien"}]},{"@type":"WebSite","@id":"https:\/\/www.nauticalfiction.net\/de\/#website","url":"https:\/\/www.nauticalfiction.net\/de\/","name":"NauticalFiction","description":"Seeabenteuer","publisher":{"@id":"https:\/\/www.nauticalfiction.net\/de\/#\/schema\/person\/ad62004e980b10d8fb5b6aa740a913fb"},"potentialAction":[{"@type":"SearchAction","target":{"@type":"EntryPoint","urlTemplate":"https:\/\/www.nauticalfiction.net\/de\/?s={search_term_string}"},"query-input":{"@type":"PropertyValueSpecification","valueRequired":true,"valueName":"search_term_string"}}],"inLanguage":"de-DE"},{"@type":["Person","Organization"],"@id":"https:\/\/www.nauticalfiction.net\/de\/#\/schema\/person\/ad62004e980b10d8fb5b6aa740a913fb","name":"Kommodore","image":{"@type":"ImageObject","inLanguage":"de-DE","@id":"https:\/\/secure.gravatar.com\/avatar\/c89d30193d5eb0a6776799f55b6fdb7cd81fdced34e2f8e7f64a45772cf8c77b?s=96&d=mm&r=g","url":"https:\/\/secure.gravatar.com\/avatar\/c89d30193d5eb0a6776799f55b6fdb7cd81fdced34e2f8e7f64a45772cf8c77b?s=96&d=mm&r=g","contentUrl":"https:\/\/secure.gravatar.com\/avatar\/c89d30193d5eb0a6776799f55b6fdb7cd81fdced34e2f8e7f64a45772cf8c77b?s=96&d=mm&r=g","caption":"Kommodore"},"logo":{"@id":"https:\/\/secure.gravatar.com\/avatar\/c89d30193d5eb0a6776799f55b6fdb7cd81fdced34e2f8e7f64a45772cf8c77b?s=96&d=mm&r=g"}}]}},"_links":{"self":[{"href":"https:\/\/www.nauticalfiction.net\/de\/wp-json\/wp\/v2\/pages\/1080","targetHints":{"allow":["GET"]}}],"collection":[{"href":"https:\/\/www.nauticalfiction.net\/de\/wp-json\/wp\/v2\/pages"}],"about":[{"href":"https:\/\/www.nauticalfiction.net\/de\/wp-json\/wp\/v2\/types\/page"}],"author":[{"embeddable":true,"href":"https:\/\/www.nauticalfiction.net\/de\/wp-json\/wp\/v2\/users\/1"}],"replies":[{"embeddable":true,"href":"https:\/\/www.nauticalfiction.net\/de\/wp-json\/wp\/v2\/comments?post=1080"}],"version-history":[{"count":268,"href":"https:\/\/www.nauticalfiction.net\/de\/wp-json\/wp\/v2\/pages\/1080\/revisions"}],"predecessor-version":[{"id":4641,"href":"https:\/\/www.nauticalfiction.net\/de\/wp-json\/wp\/v2\/pages\/1080\/revisions\/4641"}],"wp:attachment":[{"href":"https:\/\/www.nauticalfiction.net\/de\/wp-json\/wp\/v2\/media?parent=1080"}],"wp:term":[{"taxonomy":"folder","embeddable":true,"href":"https:\/\/www.nauticalfiction.net\/de\/wp-json\/wp\/v2\/folder?post=1080"}],"curies":[{"name":"wp","href":"https:\/\/api.w.org\/{rel}","templated":true}]}}