{"id":2234,"date":"2020-08-20T11:26:32","date_gmt":"2020-08-20T11:26:32","guid":{"rendered":"http:\/\/werft.nauticalfiction.net\/de\/?page_id=2234"},"modified":"2026-03-10T14:11:51","modified_gmt":"2026-03-10T14:11:51","slug":"hintergrundwissen","status":"publish","type":"page","link":"https:\/\/www.nauticalfiction.net\/de\/hintergrundwissen\/","title":{"rendered":"Inside Age of Sail"},"content":{"rendered":"\n<p><\/p>\n\n\n\n<div style=\"height:40px\" aria-hidden=\"true\" class=\"wp-block-spacer\"><\/div>\n\n\n\n<h3 class=\"wp-block-heading\"><strong>Die Gro\u00dfe Zeit der Segelschiffe<\/strong><\/h3>\n\n\n\n<p>Zwischen dem sechzehnten und dem neunzehnten Jahrhundert beherrschten die gro\u00dfen Segelschiffe die Weltmeere.<\/p>\n\n\n\n<p>Eine Abenteuerliche Zeit, die viele Geschichten inspiriert hat.<\/p>\n\n\n\n<p>Hier m\u00f6chte ich Euch den Hintergrund dieser Geschichten etwas n\u00e4her bringen.<\/p>\n\n\n\n<p>Die Vielfalt der Schiffe, die M\u00e4nner, die auf ihnen fuhren, die Waffen mit denen sie k\u00e4mpften und vor welchem Geschichtlichen Hintergrund alles passierte.<\/p>\n\n\n\n<div style=\"height:40px\" aria-hidden=\"true\" class=\"wp-block-spacer\"><\/div>\n\n\n<div\n\t\t\t\n\t\t\tclass=\"so-widget-sow-features so-widget-sow-features-default-91a0bd70ae09\"\n\t\t\t\n\t\t><ul\n\tclass=\"sow-features-list\n\tsow-features-responsive\">\n\n\t\t\t<li\n\t\t\tclass=\"sow-features-feature sow-icon-container-position-top\"\n\t\t\tstyle=\"display: flex; flex-direction: column; width: calc(33.333% - 25px);\"\n\t\t>\n\t\t\t\n\t\t\t\t\t\t\t<div class=\"sow-features-feature-right-left-container\" style=\"display: flex; flex-direction: inherit;\">\n\t\t\t\t\t\t\t<div\t\t\t\tclass=\"sow-icon-container sow-container-round\"\n\t\t\t\tstyle=\"color: #814027; \"\n\t\t\t\ttitle=\"Schiffe\"\n\t\t\t\t\t\t\t>\n\t\t\t\t\t\t\t\t\t\t<div class=\"sow-icon-image\" style=\"background-image: url(https:\/\/www.nauticalfiction.net\/wp-content\/uploads\/2022\/05\/Icon-Schiffe-V1.png); font-size: 80px\"><\/div>\n\t\t\t\t\t\t\t\t\t<\/div>\n\n\t\t\t<div class=\"textwidget\">\n\t\t\t\t\t\t\t\t\t<div class=\"sow-features-feature-content\">\n\t\t\t\t\n\t\t\t\t\t\t\t\t\t<h5 class=\"sow-features-feature-title\">\n\t\t\t\t\t\tSchiffe\t\t\t\t\t<\/h5>\n\t\t\t\t\n\t\t\t\t\t\t\t\t\t<\/div>\n\t\t\t\t\t<p class=\"sow-more-text\">\n\t\t\t\t\t\t\t\t\t\t\t\tLest demn\u00e4chst mehr\t\t\t\t\t\t\t\t\t\t\t<\/p>\n\t\t\t\t\t\t\t<\/div>\n\t\t\t\t\t\t\t<\/div>\n\t\t\t\t\t\t\t\t<\/li>\n\n\t\t\t<li\n\t\t\tclass=\"sow-features-feature sow-icon-container-position-top\"\n\t\t\tstyle=\"display: flex; flex-direction: column; width: calc(33.333% - 25px);\"\n\t\t>\n\t\t\t\n\t\t\t\t\t\t\t<div class=\"sow-features-feature-right-left-container\" style=\"display: flex; flex-direction: inherit;\">\n\t\t\t\t\t\t\t<div\t\t\t\tclass=\"sow-icon-container sow-container-round\"\n\t\t\t\tstyle=\"color: #8a4027; \"\n\t\t\t\ttitle=\"Besatzungen\"\n\t\t\t\t\t\t\t>\n\t\t\t\t\t\t\t\t\t\t<div class=\"sow-icon-image\" style=\"background-image: url(https:\/\/www.nauticalfiction.net\/wp-content\/uploads\/2022\/05\/Icon-Ma\u0308nner-V1.png); font-size: 80px\"><\/div>\n\t\t\t\t\t\t\t\t\t<\/div>\n\n\t\t\t<div class=\"textwidget\">\n\t\t\t\t\t\t\t\t\t<div class=\"sow-features-feature-content\">\n\t\t\t\t\n\t\t\t\t\t\t\t\t\t<h5 class=\"sow-features-feature-title\">\n\t\t\t\t\t\tBesatzungen\t\t\t\t\t<\/h5>\n\t\t\t\t\n\t\t\t\t\t\t\t\t\t<\/div>\n\t\t\t\t\t<p class=\"sow-more-text\">\n\t\t\t\t\t\t\t\t\t\t\t\tLest demn\u00e4chst mehr\t\t\t\t\t\t\t\t\t\t\t<\/p>\n\t\t\t\t\t\t\t<\/div>\n\t\t\t\t\t\t\t<\/div>\n\t\t\t\t\t\t\t\t<\/li>\n\n\t\t\t<li\n\t\t\tclass=\"sow-features-feature sow-icon-container-position-top\"\n\t\t\tstyle=\"display: flex; flex-direction: column; width: calc(33.333% - 25px);\"\n\t\t>\n\t\t\t\n\t\t\t\t\t\t\t<div class=\"sow-features-feature-right-left-container\" style=\"display: flex; flex-direction: inherit;\">\n\t\t\t\t\t\t\t<div\t\t\t\tclass=\"sow-icon-container sow-container-round\"\n\t\t\t\tstyle=\"color: #8a4027; \"\n\t\t\t\ttitle=\"Waffen\"\n\t\t\t\t\t\t\t>\n\t\t\t\t\t\t\t\t\t\t<div class=\"sow-icon-image\" style=\"background-image: url(https:\/\/www.nauticalfiction.net\/wp-content\/uploads\/2022\/05\/Icon-Waffen-V1.png); font-size: 80px\"><\/div>\n\t\t\t\t\t\t\t\t\t<\/div>\n\n\t\t\t<div class=\"textwidget\">\n\t\t\t\t\t\t\t\t\t<div class=\"sow-features-feature-content\">\n\t\t\t\t\n\t\t\t\t\t\t\t\t\t<h5 class=\"sow-features-feature-title\">\n\t\t\t\t\t\tWaffen\t\t\t\t\t<\/h5>\n\t\t\t\t\n\t\t\t\t\t\t\t\t\t<\/div>\n\t\t\t\t\t<p class=\"sow-more-text\">\n\t\t\t\t\t\t\t\t\t\t\t\tLest demn\u00e4chst mehr\t\t\t\t\t\t\t\t\t\t\t<\/p>\n\t\t\t\t\t\t\t<\/div>\n\t\t\t\t\t\t\t<\/div>\n\t\t\t\t\t\t\t\t<\/li>\n\n\t<\/ul>\n<\/div>\n\n\n<div style=\"height:40px\" aria-hidden=\"true\" class=\"wp-block-spacer\"><\/div>\n\n\n\n<div class=\"wp-block-columns is-layout-flex wp-container-core-columns-is-layout-9d6595d7 wp-block-columns-is-layout-flex\">\n<div class=\"wp-block-column is-layout-flow wp-block-column-is-layout-flow\"><style>.wp-block-kadence-advancedbtn.kb-btns2234_ff64b3-ee{gap:var(--global-kb-gap-xs, 0.5rem );justify-content:center;align-items:center;}.kt-btns2234_ff64b3-ee .kt-button{font-weight:normal;font-style:normal;}.kt-btns2234_ff64b3-ee .kt-btn-wrap-0{margin-right:5px;}.wp-block-kadence-advancedbtn.kt-btns2234_ff64b3-ee .kt-btn-wrap-0 .kt-button{color:#555555;border-color:#555555;}.wp-block-kadence-advancedbtn.kt-btns2234_ff64b3-ee .kt-btn-wrap-0 .kt-button:hover, .wp-block-kadence-advancedbtn.kt-btns2234_ff64b3-ee .kt-btn-wrap-0 .kt-button:focus{color:#ffffff;border-color:#444444;}.wp-block-kadence-advancedbtn.kt-btns2234_ff64b3-ee .kt-btn-wrap-0 .kt-button::before{display:none;}.wp-block-kadence-advancedbtn.kt-btns2234_ff64b3-ee .kt-btn-wrap-0 .kt-button:hover, .wp-block-kadence-advancedbtn.kt-btns2234_ff64b3-ee .kt-btn-wrap-0 .kt-button:focus{background:#444444;}<\/style>\n<div class=\"wp-block-kadence-advancedbtn kb-buttons-wrap kb-btns2234_ff64b3-ee\"><style>ul.menu .wp-block-kadence-advancedbtn .kb-btn2234_4b56e2-c2.kb-button{width:initial;}.wp-block-kadence-advancedbtn .kb-btn2234_4b56e2-c2.kb-button{background:#692c0e;font-size:var(--global-kb-font-size-lg, 2rem);line-height:3;border-top-left-radius:10px;border-top-right-radius:10px;border-bottom-right-radius:10px;border-bottom-left-radius:10px;border-top:0px solid;border-right:0px solid;border-bottom:0px solid;border-left:0px solid;}@media all and (max-width: 1024px){.wp-block-kadence-advancedbtn .kb-btn2234_4b56e2-c2.kb-button{border-top:0px solid;border-right:0px solid;border-bottom:0px solid;border-left:0px solid;}}@media all and (max-width: 767px){.wp-block-kadence-advancedbtn .kb-btn2234_4b56e2-c2.kb-button{border-top:0px solid;border-right:0px solid;border-bottom:0px solid;border-left:0px solid;}}<\/style><a class=\"kb-button kt-button button kb-btn2234_4b56e2-c2 kt-btn-size-standard kt-btn-width-type-full kb-btn-global-fill  kt-btn-has-text-true kt-btn-has-svg-false  wp-block-kadence-singlebtn\" href=\"https:\/\/www.nauticalfiction.net\/de\/hintergrundwissen\/typen-und-klassen\/\"><span class=\"kt-btn-inner-text\">Typen und Klassen<\/span><\/a><\/div>\n<\/div>\n\n\n\n<div class=\"wp-block-column is-layout-flow wp-block-column-is-layout-flow\"><\/div>\n\n\n\n<div class=\"wp-block-column is-layout-flow wp-block-column-is-layout-flow\"><\/div>\n<\/div>\n\n\n\n<p class=\"has-text-color\" style=\"color:#862934\">Nach einer Neufassung meiner NauticalFiction Site sollte auch dieser Bereich, bei der \u00dcbertragung ins Englische, \u00fcberarbeitet und erg\u00e4nzt werden. Das ging nicht so schnell, wie damals geplant. Aber jetzt gehen die einzelnen Artikel nach und nach wieder online.<\/p>\n\n\n\n<p class=\"has-text-color\" style=\"color:#862934\">Aber habt bitte noch Geduld.<\/p>\n","protected":false},"excerpt":{"rendered":"<p>Die Gro\u00dfe Zeit der Segelschiffe Zwischen dem sechzehnten und dem neunzehnten Jahrhundert beherrschten die gro\u00dfen Segelschiffe die Weltmeere. Eine Abenteuerliche Zeit, die viele Geschichten inspiriert hat. Hier m\u00f6chte ich Euch den Hintergrund dieser Geschichten etwas n\u00e4her bringen. Die Vielfalt der &hellip; <a href=\"https:\/\/www.nauticalfiction.net\/de\/hintergrundwissen\/\">Weiterlesen<\/a><\/p>\n","protected":false},"author":1,"featured_media":0,"parent":0,"menu_order":4,"comment_status":"closed","ping_status":"closed","template":"","meta":{"kt_blocks_editor_width":"","_themeisle_gutenberg_block_has_review":false,"footnotes":""},"folder":[],"class_list":["post-2234","page","type-page","status-publish","hentry"],"yoast_head":"<!-- This site is optimized with the Yoast SEO plugin v27.3 - https:\/\/yoast.com\/product\/yoast-seo-wordpress\/ -->\n<title>Inside Age of Sail<\/title>\n<meta name=\"robots\" content=\"index, follow, max-snippet:-1, max-image-preview:large, max-video-preview:-1\" \/>\n<link rel=\"canonical\" href=\"https:\/\/www.nauticalfiction.net\/de\/hintergrundwissen\/\" \/>\n<meta property=\"og:locale\" content=\"de_DE\" \/>\n<meta property=\"og:locale:alternate\" content=\"en\" \/>\n<meta property=\"og:type\" content=\"article\" \/>\n<meta property=\"og:title\" content=\"Inside Age of Sail\" \/>\n<meta property=\"og:description\" content=\"Die Gro\u00dfe Zeit der Segelschiffe Zwischen dem sechzehnten und dem neunzehnten Jahrhundert beherrschten die gro\u00dfen Segelschiffe die Weltmeere. Eine Abenteuerliche Zeit, die viele Geschichten inspiriert hat. Hier m\u00f6chte ich Euch den Hintergrund dieser Geschichten etwas n\u00e4her bringen. Die Vielfalt der &hellip; Weiterlesen\" \/>\n<meta property=\"og:url\" content=\"https:\/\/www.nauticalfiction.net\/de\/hintergrundwissen\/\" \/>\n<meta property=\"og:site_name\" content=\"NauticalFiction\" \/>\n<meta property=\"article:modified_time\" content=\"2026-03-10T14:11:51+00:00\" \/>\n<meta name=\"twitter:card\" content=\"summary_large_image\" \/>\n<meta name=\"twitter:label1\" content=\"Gesch\u00e4tzte Lesezeit\" \/>\n\t<meta name=\"twitter:data1\" content=\"1\u00a0Minute\" \/>\n<script type=\"application\/ld+json\" class=\"yoast-schema-graph\">{\"@context\":\"https:\\\/\\\/schema.org\",\"@graph\":[{\"@type\":\"WebPage\",\"@id\":\"https:\\\/\\\/www.nauticalfiction.net\\\/de\\\/hintergrundwissen\\\/\",\"url\":\"https:\\\/\\\/www.nauticalfiction.net\\\/de\\\/hintergrundwissen\\\/\",\"name\":\"Inside Age of Sail\",\"isPartOf\":{\"@id\":\"https:\\\/\\\/www.nauticalfiction.net\\\/de\\\/#website\"},\"datePublished\":\"2020-08-20T11:26:32+00:00\",\"dateModified\":\"2026-03-10T14:11:51+00:00\",\"breadcrumb\":{\"@id\":\"https:\\\/\\\/www.nauticalfiction.net\\\/de\\\/hintergrundwissen\\\/#breadcrumb\"},\"inLanguage\":\"de-DE\",\"potentialAction\":[{\"@type\":\"ReadAction\",\"target\":[\"https:\\\/\\\/www.nauticalfiction.net\\\/de\\\/hintergrundwissen\\\/\"]}]},{\"@type\":\"BreadcrumbList\",\"@id\":\"https:\\\/\\\/www.nauticalfiction.net\\\/de\\\/hintergrundwissen\\\/#breadcrumb\",\"itemListElement\":[{\"@type\":\"ListItem\",\"position\":1,\"name\":\"Start\",\"item\":\"https:\\\/\\\/www.nauticalfiction.net\\\/uk\\\/\"},{\"@type\":\"ListItem\",\"position\":2,\"name\":\"Inside Age of Sail\"}]},{\"@type\":\"WebSite\",\"@id\":\"https:\\\/\\\/www.nauticalfiction.net\\\/de\\\/#website\",\"url\":\"https:\\\/\\\/www.nauticalfiction.net\\\/de\\\/\",\"name\":\"NauticalFiction\",\"description\":\"Seeabenteuer\",\"publisher\":{\"@id\":\"https:\\\/\\\/www.nauticalfiction.net\\\/de\\\/#\\\/schema\\\/person\\\/ad62004e980b10d8fb5b6aa740a913fb\"},\"potentialAction\":[{\"@type\":\"SearchAction\",\"target\":{\"@type\":\"EntryPoint\",\"urlTemplate\":\"https:\\\/\\\/www.nauticalfiction.net\\\/de\\\/?s={search_term_string}\"},\"query-input\":{\"@type\":\"PropertyValueSpecification\",\"valueRequired\":true,\"valueName\":\"search_term_string\"}}],\"inLanguage\":\"de-DE\"},{\"@type\":[\"Person\",\"Organization\"],\"@id\":\"https:\\\/\\\/www.nauticalfiction.net\\\/de\\\/#\\\/schema\\\/person\\\/ad62004e980b10d8fb5b6aa740a913fb\",\"name\":\"Kommodore\",\"image\":{\"@type\":\"ImageObject\",\"inLanguage\":\"de-DE\",\"@id\":\"https:\\\/\\\/secure.gravatar.com\\\/avatar\\\/c89d30193d5eb0a6776799f55b6fdb7cd81fdced34e2f8e7f64a45772cf8c77b?s=96&d=mm&r=g\",\"url\":\"https:\\\/\\\/secure.gravatar.com\\\/avatar\\\/c89d30193d5eb0a6776799f55b6fdb7cd81fdced34e2f8e7f64a45772cf8c77b?s=96&d=mm&r=g\",\"contentUrl\":\"https:\\\/\\\/secure.gravatar.com\\\/avatar\\\/c89d30193d5eb0a6776799f55b6fdb7cd81fdced34e2f8e7f64a45772cf8c77b?s=96&d=mm&r=g\",\"caption\":\"Kommodore\"},\"logo\":{\"@id\":\"https:\\\/\\\/secure.gravatar.com\\\/avatar\\\/c89d30193d5eb0a6776799f55b6fdb7cd81fdced34e2f8e7f64a45772cf8c77b?s=96&d=mm&r=g\"}}]}<\/script>\n<!-- \/ Yoast SEO plugin. -->","yoast_head_json":{"title":"Inside Age of Sail","robots":{"index":"index","follow":"follow","max-snippet":"max-snippet:-1","max-image-preview":"max-image-preview:large","max-video-preview":"max-video-preview:-1"},"canonical":"https:\/\/www.nauticalfiction.net\/de\/hintergrundwissen\/","og_locale":"de_DE","og_type":"article","og_title":"[:de]Inside Age of Sail[:uk]Inside Age of Sail[:] - NauticalFiction","og_description":"Die Gro\u00dfe Zeit der Segelschiffe Zwischen dem sechzehnten und dem neunzehnten Jahrhundert beherrschten die gro\u00dfen Segelschiffe die Weltmeere. Eine Abenteuerliche Zeit, die viele Geschichten inspiriert hat. Hier m\u00f6chte ich Euch den Hintergrund dieser Geschichten etwas n\u00e4her bringen. Die Vielfalt der &hellip; Weiterlesen","og_url":"https:\/\/www.nauticalfiction.net\/de\/hintergrundwissen\/","og_site_name":"NauticalFiction","article_modified_time":"2026-03-10T14:11:51+00:00","twitter_card":"summary_large_image","twitter_misc":{"Gesch\u00e4tzte Lesezeit":"1\u00a0Minute"},"schema":{"@context":"https:\/\/schema.org","@graph":[{"@type":"WebPage","@id":"https:\/\/www.nauticalfiction.net\/de\/hintergrundwissen\/","url":"https:\/\/www.nauticalfiction.net\/de\/hintergrundwissen\/","name":"Inside Age of Sail","isPartOf":{"@id":"https:\/\/www.nauticalfiction.net\/de\/#website"},"datePublished":"2020-08-20T11:26:32+00:00","dateModified":"2026-03-10T14:11:51+00:00","breadcrumb":{"@id":"https:\/\/www.nauticalfiction.net\/de\/hintergrundwissen\/#breadcrumb"},"inLanguage":"de-DE","potentialAction":[{"@type":"ReadAction","target":["https:\/\/www.nauticalfiction.net\/de\/hintergrundwissen\/"]}]},{"@type":"BreadcrumbList","@id":"https:\/\/www.nauticalfiction.net\/de\/hintergrundwissen\/#breadcrumb","itemListElement":[{"@type":"ListItem","position":1,"name":"Start","item":"https:\/\/www.nauticalfiction.net\/uk\/"},{"@type":"ListItem","position":2,"name":"Inside Age of Sail"}]},{"@type":"WebSite","@id":"https:\/\/www.nauticalfiction.net\/de\/#website","url":"https:\/\/www.nauticalfiction.net\/de\/","name":"NauticalFiction","description":"Seeabenteuer","publisher":{"@id":"https:\/\/www.nauticalfiction.net\/de\/#\/schema\/person\/ad62004e980b10d8fb5b6aa740a913fb"},"potentialAction":[{"@type":"SearchAction","target":{"@type":"EntryPoint","urlTemplate":"https:\/\/www.nauticalfiction.net\/de\/?s={search_term_string}"},"query-input":{"@type":"PropertyValueSpecification","valueRequired":true,"valueName":"search_term_string"}}],"inLanguage":"de-DE"},{"@type":["Person","Organization"],"@id":"https:\/\/www.nauticalfiction.net\/de\/#\/schema\/person\/ad62004e980b10d8fb5b6aa740a913fb","name":"Kommodore","image":{"@type":"ImageObject","inLanguage":"de-DE","@id":"https:\/\/secure.gravatar.com\/avatar\/c89d30193d5eb0a6776799f55b6fdb7cd81fdced34e2f8e7f64a45772cf8c77b?s=96&d=mm&r=g","url":"https:\/\/secure.gravatar.com\/avatar\/c89d30193d5eb0a6776799f55b6fdb7cd81fdced34e2f8e7f64a45772cf8c77b?s=96&d=mm&r=g","contentUrl":"https:\/\/secure.gravatar.com\/avatar\/c89d30193d5eb0a6776799f55b6fdb7cd81fdced34e2f8e7f64a45772cf8c77b?s=96&d=mm&r=g","caption":"Kommodore"},"logo":{"@id":"https:\/\/secure.gravatar.com\/avatar\/c89d30193d5eb0a6776799f55b6fdb7cd81fdced34e2f8e7f64a45772cf8c77b?s=96&d=mm&r=g"}}]}},"_links":{"self":[{"href":"https:\/\/www.nauticalfiction.net\/de\/wp-json\/wp\/v2\/pages\/2234","targetHints":{"allow":["GET"]}}],"collection":[{"href":"https:\/\/www.nauticalfiction.net\/de\/wp-json\/wp\/v2\/pages"}],"about":[{"href":"https:\/\/www.nauticalfiction.net\/de\/wp-json\/wp\/v2\/types\/page"}],"author":[{"embeddable":true,"href":"https:\/\/www.nauticalfiction.net\/de\/wp-json\/wp\/v2\/users\/1"}],"replies":[{"embeddable":true,"href":"https:\/\/www.nauticalfiction.net\/de\/wp-json\/wp\/v2\/comments?post=2234"}],"version-history":[{"count":56,"href":"https:\/\/www.nauticalfiction.net\/de\/wp-json\/wp\/v2\/pages\/2234\/revisions"}],"predecessor-version":[{"id":5617,"href":"https:\/\/www.nauticalfiction.net\/de\/wp-json\/wp\/v2\/pages\/2234\/revisions\/5617"}],"wp:attachment":[{"href":"https:\/\/www.nauticalfiction.net\/de\/wp-json\/wp\/v2\/media?parent=2234"}],"wp:term":[{"taxonomy":"folder","embeddable":true,"href":"https:\/\/www.nauticalfiction.net\/de\/wp-json\/wp\/v2\/folder?post=2234"}],"curies":[{"name":"wp","href":"https:\/\/api.w.org\/{rel}","templated":true}]}}